{"id":93,"date":"2020-06-02T11:19:35","date_gmt":"2020-06-02T16:19:35","guid":{"rendered":"http:\/\/coomper.com\/wordpress\/?page_id=93"},"modified":"2026-02-26T10:53:33","modified_gmt":"2026-02-26T15:53:33","slug":"resoluciones","status":"publish","type":"page","link":"https:\/\/coomper.com\/wordpress\/coomper\/resoluciones\/","title":{"rendered":"Resoluciones"},"content":{"rendered":"\n<h2>REGISTRO WEB 2024<\/h2>\n\n\n\n<p><a href=\"https:\/\/coomper.com\/wordpress\/wp-content\/uploads\/2025\/05\/ACTA_DE_ASAMBLEA_NRO_066.pdf\" target=\"_blank\" rel=\"noreferrer noopener\">Acta de Asamblea Nro 066<\/a><\/p>\n\n\n\n<p><a href=\"https:\/\/coomper.com\/wordpress\/wp-content\/uploads\/2025\/05\/CERTIFICACION_ANTECEDENTES_JUDICIALES.pdf\" target=\"_blank\" rel=\"noreferrer noopener\">Certificaci\u00f3n de Antecedentes Judiciales<\/a><\/p>\n\n\n\n<p><a href=\"https:\/\/coomper.com\/wordpress\/wp-content\/uploads\/2025\/05\/CERTIFICACION_CARGOS_DIRECTIVOS.pdf\" target=\"_blank\" rel=\"noreferrer noopener\">Certificaci\u00f3n Cargos Directivos<\/a><\/p>\n\n\n\n<p><a rel=\"noreferrer noopener\" href=\"https:\/\/coomper.com\/wordpress\/resoluciones\/registroweb2024\/CERTIFICACION_CUMPLIMIENTO_REQUISITOS.pdf\" target=\"_blank\">Certificaci\u00f3n de Cumplimiento de R<\/a><a href=\"https:\/\/coomper.com\/wordpress\/wp-content\/uploads\/2025\/05\/CERTIFICACION_CUMPLIMIENTO_DE_REQUISITOS.pdf\" target=\"_blank\" rel=\"noreferrer noopener\">e<\/a><a rel=\"noreferrer noopener\" href=\"https:\/\/coomper.com\/wordpress\/resoluciones\/registroweb2024\/CERTIFICACION_CUMPLIMIENTO_REQUISITOS.pdf\" target=\"_blank\">quisitos<\/a><\/p>\n\n\n\n<p><a href=\"https:\/\/coomper.com\/wordpress\/wp-content\/uploads\/2025\/05\/ESTADOS_FINANCIEROS_ANO_2024.pdf\" target=\"_blank\" rel=\"noreferrer noopener\">Estados Financieros 2024<\/a><\/p>\n\n\n\n<p><a href=\"https:\/\/coomper.com\/wordpress\/wp-content\/uploads\/2025\/05\/INFORME_DE_GESTION.pdf\" target=\"_blank\" rel=\"noreferrer noopener\">Informe Anual de Resultados 2024<\/a><\/p>\n\n\n\n<p><a href=\"https:\/\/coomper.com\/wordpress\/wp-content\/uploads\/2025\/05\/MEMORIA_ECONOMICA_ANO_2024.pdf\" target=\"_blank\" rel=\"noreferrer noopener\">Memoria Econ\u00f3mica 2024<\/a><\/p>\n\n\n\n<h2>ASAMBLEA ANUAL DE ASOCIADOS 2026<\/h2>\n\n\n\n<p><a href=\"https:\/\/coomper.com\/wordpress\/wp-content\/uploads\/2026\/02\/Resolucion_01.pdf\" target=\"_blank\" rel=\"noreferrer noopener\">Resoluci\u00f3n 01<\/a><\/p>\n","protected":false},"excerpt":{"rendered":"<p>REGISTRO WEB 2024 Acta de Asamblea Nro 066 Certificaci\u00f3n de Antecedentes Judiciales Certificaci\u00f3n Cargos Directivos Certificaci\u00f3n de Cumplimiento de Requisitos Estados Financieros 2024 Informe Anual de Resultados 2024 Memoria Econ\u00f3mica 2024 ASAMBLEA ANUAL DE ASOCIADOS 2026 Resoluci\u00f3n 01<\/p>\n","protected":false},"author":1,"featured_media":0,"parent":5,"menu_order":0,"comment_status":"closed","ping_status":"closed","template":"","meta":[],"_links":{"self":[{"href":"https:\/\/coomper.com\/wordpress\/wp-json\/wp\/v2\/pages\/93"}],"collection":[{"href":"https:\/\/coomper.com\/wordpress\/wp-json\/wp\/v2\/pages"}],"about":[{"href":"https:\/\/coomper.com\/wordpress\/wp-json\/wp\/v2\/types\/page"}],"author":[{"embeddable":true,"href":"https:\/\/coomper.com\/wordpress\/wp-json\/wp\/v2\/users\/1"}],"replies":[{"embeddable":true,"href":"https:\/\/coomper.com\/wordpress\/wp-json\/wp\/v2\/comments?post=93"}],"version-history":[{"count":42,"href":"https:\/\/coomper.com\/wordpress\/wp-json\/wp\/v2\/pages\/93\/revisions"}],"predecessor-version":[{"id":262,"href":"https:\/\/coomper.com\/wordpress\/wp-json\/wp\/v2\/pages\/93\/revisions\/262"}],"up":[{"embeddable":true,"href":"https:\/\/coomper.com\/wordpress\/wp-json\/wp\/v2\/pages\/5"}],"wp:attachment":[{"href":"https:\/\/coomper.com\/wordpress\/wp-json\/wp\/v2\/media?parent=93"}],"curies":[{"name":"wp","href":"https:\/\/api.w.org\/{rel}","templated":true}]}}